{"id":982,"date":"2022-10-02T22:41:12","date_gmt":"2022-10-02T22:41:12","guid":{"rendered":"http:\/\/caam.local\/home\/"},"modified":"2022-10-11T19:19:15","modified_gmt":"2022-10-11T19:19:15","slug":"home","status":"publish","type":"page","link":"https:\/\/caammauritania.com\/en\/","title":{"rendered":"Home"},"content":{"rendered":"\n<div class=\"wp-block-columns is-layout-flex wp-container-core-columns-is-layout-9d6595d7 wp-block-columns-is-layout-flex\">\n<div class=\"wp-block-column press-villep is-layout-flow wp-block-column-is-layout-flow\">\n<!-- PRESSVILLE POSTS : begin -->\n<section class=\"lsvr-pressville-post-grid lsvr-pressville-post-grid--posts lsvr-pressville-post-grid--layout-title-top lsvr-pressville-post-grid--has-slider lsvr-pressville-post-grid--dark-bg\"\n    >\n    <div class=\"lsvr-pressville-post-grid__inner\">\n        <div class=\"lsvr-container\">\n            <div class=\"lsvr-pressville-post-grid__content\">\n\n                \n                    <header class=\"lsvr-pressville-post-grid__header\">\n\n                        \n                            <h2 class=\"lsvr-pressville-post-grid__title\">Announcements<\/h2>\n\n                        \n                        \n                        \n                        \n                            <span class=\"icon-traffic-light lsvr-pressville-post-grid__icon\" aria-hidden=\"true\"><\/span>\n\n                        \n                    <\/header>\n\n                \n                \n                    <div class=\"lsvr-pressville-post-grid__list-wrapper\">\n\n                        <div class=\"lsvr-grid lsvr-grid--3-cols lsvr-grid--md-2-cols lsvr-grid--sm-2-cols lsvr-pressville-post-grid__list lsvr-pressville-post-grid__list--3-items lsvr-pressville-post-grid--slider lsvr-pressville-post-grid__list--loading\"\n                            data-columns-count=\"3\">\n\n                            \n                                <div class=\"lsvr-grid__col lsvr-grid__col--span-4 lsvr-grid__col--md-span-6 lsvr-grid__col--sm-span-6 lsvr-pressville-post-grid__item\">\n\n                                    <article class=\"lsvr-pressville-post-grid__post post-1304 post type-post status-publish format-standard has-post-thumbnail hentry category-avis-dappel-doffres\"                                         style=\"background-image: url( https:\/\/caammauritania.com\/wp-content\/uploads\/2022\/10\/icon-new-png-14.webp );\">\n                                        <div class=\"lsvr-pressville-post-grid__post-inner\">\n                                            <div class=\"lsvr-pressville-post-grid__post-bg\">\n\n                                                <div class=\"lsvr-pressville-post-grid__post-content\">\n\n                                                    <h3 class=\"lsvr-pressville-post-grid__post-title\">\n                                                        <a href=\"https:\/\/caammauritania.com\/en\/avis-dattribution-provisoire-des-trois-lots-objet-du-dao-n-001-cspmp-caam-2025\/\" class=\"lsvr-pressville-post-grid__post-title-link\" rel=\"bookmark\">Avis d&#039;attribution provisoire des trois lots objet du DAO n\u00b0 001\/CSPMP\/ CAAM\/2025<\/a>\n                                                    <\/h3>\n\n                                                    <p class=\"lsvr-pressville-post-grid__post-meta\">\n\n                                                        <span class=\"lsvr-pressville-post-grid__post-meta-date\" role=\"group\">January 13, 2026<\/span>\n\n                                                        \n                                                            <span class=\"lsvr-pressville-post-grid__post-meta-categories\" role=\"group\">\n\t\t\t<span class=\"post__categories\">\n\t\t\t\tin <a href=\"https:\/\/caammauritania.com\/category\/avis-dappel-doffres\/\" class=\"post__category-link\">Avis et Annonces<\/a>\t\t\t<\/span>\n\n\t\t<\/span>\n\n                                                        \n                                                    <\/p>\n\n                                                <\/div>\n\n                                                <a href=\"https:\/\/caammauritania.com\/en\/avis-dattribution-provisoire-des-trois-lots-objet-du-dao-n-001-cspmp-caam-2025\/\" class=\"lsvr-pressville-post-grid__post-overlay-link\">\n                                                    <span class=\"screen-reader-text\">More<\/span>\n                                                <\/a>\n\n                                            <\/div>\n                                        <\/div>\n                                    <\/article>\n\n                                <\/div>\n\n                            \n                                <div class=\"lsvr-grid__col lsvr-grid__col--span-4 lsvr-grid__col--md-span-6 lsvr-grid__col--sm-span-6 lsvr-pressville-post-grid__item\">\n\n                                    <article class=\"lsvr-pressville-post-grid__post post-1295 post type-post status-publish format-standard hentry category-avis-dappel-doffres\"                                        >\n                                        <div class=\"lsvr-pressville-post-grid__post-inner\">\n                                            <div class=\"lsvr-pressville-post-grid__post-bg\">\n\n                                                <div class=\"lsvr-pressville-post-grid__post-content\">\n\n                                                    <h3 class=\"lsvr-pressville-post-grid__post-title\">\n                                                        <a href=\"https:\/\/caammauritania.com\/en\/appel-doffre-pour-la-fourniture-de-16039-tonnes-de-ble-5900-tonnes-de-sucre-et-3015-tonnes-dhuile-vegetale\/\" class=\"lsvr-pressville-post-grid__post-title-link\" rel=\"bookmark\">Appel d&#039;offre pour la fourniture de 16039 tonnes de bl\u00e9, 5900 tonnes de sucre et 3015 tonnes d&#039;huile v\u00e9g\u00e9tale<\/a>\n                                                    <\/h3>\n\n                                                    <p class=\"lsvr-pressville-post-grid__post-meta\">\n\n                                                        <span class=\"lsvr-pressville-post-grid__post-meta-date\" role=\"group\">December 15, 2025<\/span>\n\n                                                        \n                                                            <span class=\"lsvr-pressville-post-grid__post-meta-categories\" role=\"group\">\n\t\t\t<span class=\"post__categories\">\n\t\t\t\tin <a href=\"https:\/\/caammauritania.com\/category\/avis-dappel-doffres\/\" class=\"post__category-link\">Avis et Annonces<\/a>\t\t\t<\/span>\n\n\t\t<\/span>\n\n                                                        \n                                                    <\/p>\n\n                                                <\/div>\n\n                                                <a href=\"https:\/\/caammauritania.com\/en\/appel-doffre-pour-la-fourniture-de-16039-tonnes-de-ble-5900-tonnes-de-sucre-et-3015-tonnes-dhuile-vegetale\/\" class=\"lsvr-pressville-post-grid__post-overlay-link\">\n                                                    <span class=\"screen-reader-text\">More<\/span>\n                                                <\/a>\n\n                                            <\/div>\n                                        <\/div>\n                                    <\/article>\n\n                                <\/div>\n\n                            \n                                <div class=\"lsvr-grid__col lsvr-grid__col--span-4 lsvr-grid__col--md-span-6 lsvr-grid__col--sm-span-6 lsvr-pressville-post-grid__item\">\n\n                                    <article class=\"lsvr-pressville-post-grid__post post-1289 post type-post status-publish format-standard hentry category-avis-dappel-doffres\"                                        >\n                                        <div class=\"lsvr-pressville-post-grid__post-inner\">\n                                            <div class=\"lsvr-pressville-post-grid__post-bg\">\n\n                                                <div class=\"lsvr-pressville-post-grid__post-content\">\n\n                                                    <h3 class=\"lsvr-pressville-post-grid__post-title\">\n                                                        <a href=\"https:\/\/caammauritania.com\/en\/ppm-2025-de-la-caam\/\" class=\"lsvr-pressville-post-grid__post-title-link\" rel=\"bookmark\">PPM 2025 de la CAAM<\/a>\n                                                    <\/h3>\n\n                                                    <p class=\"lsvr-pressville-post-grid__post-meta\">\n\n                                                        <span class=\"lsvr-pressville-post-grid__post-meta-date\" role=\"group\">February 27, 2025<\/span>\n\n                                                        \n                                                            <span class=\"lsvr-pressville-post-grid__post-meta-categories\" role=\"group\">\n\t\t\t<span class=\"post__categories\">\n\t\t\t\tin <a href=\"https:\/\/caammauritania.com\/category\/avis-dappel-doffres\/\" class=\"post__category-link\">Avis et Annonces<\/a>\t\t\t<\/span>\n\n\t\t<\/span>\n\n                                                        \n                                                    <\/p>\n\n                                                <\/div>\n\n                                                <a href=\"https:\/\/caammauritania.com\/en\/ppm-2025-de-la-caam\/\" class=\"lsvr-pressville-post-grid__post-overlay-link\">\n                                                    <span class=\"screen-reader-text\">More<\/span>\n                                                <\/a>\n\n                                            <\/div>\n                                        <\/div>\n                                    <\/article>\n\n                                <\/div>\n\n                            \n                        <\/div>\n\n                        \n                            <button type=\"button\" class=\"c-arrow-button lsvr-pressville-post-grid__list-button lsvr-pressville-post-grid__list-button--prev\"\n                                aria-hidden=\"true\" title=\"Previous\">\n                                <span class=\"c-arrow-button__icon c-arrow-button__icon--left\" aria-hidden=\"true\"><\/span>\n                            <\/button>\n\n                            <button type=\"button\" class=\"c-arrow-button lsvr-pressville-post-grid__list-button lsvr-pressville-post-grid__list-button--next\"\n                                aria-hidden=\"true\" title=\"Next\">\n                                <span class=\"c-arrow-button__icon c-arrow-button__icon--right\" aria-hidden=\"true\"><\/span>\n                            <\/button>\n\n                        \n                    <\/div>\n\n                \n                \n                    <footer class=\"lsvr-pressville-post-grid__footer\">\n\n                        <p class=\"lsvr-pressville-post-grid__more lsvr-pressville-post-grid__more--bottom\">\n\n                            \n                                <a href=\"https:\/\/caammauritania.com\/en\/category\/tender-announcements\/\" class=\"c-button lsvr-pressville-post-grid__more-link\">More<\/a>\n\n                            \n                        <\/p>\n\n                    <\/footer>\n\n                \n            <\/div>\n        <\/div>\n    <\/div>\n<\/section>\n<!-- PRESSVILLE POSTS : end -->\n\n<\/div>\n<\/div>\n\n\n\n<!-- PRESSVILLE GALLERIES : begin -->\n<section class=\"lsvr-pressville-post-grid lsvr-pressville-post-grid--galleries lsvr-pressville-post-grid--layout-title-top lsvr-pressville-post-grid--has-slider lsvr-pressville-post-grid--dark-bg\"\n    >\n    <div class=\"lsvr-pressville-post-grid__inner\">\n        <div class=\"lsvr-container\">\n            <div class=\"lsvr-pressville-post-grid__content\">\n\n                \n                \n                    <div class=\"lsvr-pressville-post-grid__list-wrapper\">\n\n                        <div class=\"lsvr-grid lsvr-grid--1-cols lsvr-pressville-post-grid__list lsvr-pressville-post-grid__list--1-items lsvr-pressville-post-grid--slider lsvr-pressville-post-grid__list--loading\"\n                            data-columns-count=\"1\">\n\n                            \n                                <div class=\"lsvr-grid__col lsvr-grid__col--span-12 lsvr-pressville-post-grid__item\">\n\n                                    <article class=\"lsvr-pressville-post-grid__post post-707 lsvr_gallery type-lsvr_gallery status-publish has-post-thumbnail hentry lsvr_gallery_cat-activites-de-la-centrale\"                                         style=\"background-image: url( https:\/\/caammauritania.com\/wp-content\/uploads\/2022\/10\/slide-image-1-1024x360.jpeg );\">\n                                        <div class=\"lsvr-pressville-post-grid__post-inner\">\n                                            <div class=\"lsvr-pressville-post-grid__post-bg\">\n\n                                                <div class=\"lsvr-pressville-post-grid__post-content\">\n\n                                                    <h3 class=\"lsvr-pressville-post-grid__post-title\">\n                                                        <a href=\"https:\/\/caammauritania.com\/en\/galleries\/activities-of-centrale\/\" class=\"lsvr-pressville-post-grid__post-title-link\" rel=\"bookmark\">Activities Of Centrale<\/a>\n                                                    <\/h3>\n\n                                                <\/div>\n\n                                                <p class=\"lsvr-pressville-post-grid__post-meta\">\n\n                                                    <span class=\"lsvr-pressville-post-grid__post-meta-date\" role=\"group\">September 30, 2022<\/span>\n\n                                                                                                            <span class=\"lsvr-pressville-post-grid__post-meta-categories\" role=\"group\">\n\t\t\t<span class=\"post__categories\">\n\t\t\t\tin <a href=\"https:\/\/caammauritania.com\/en\/gallery-category\/activites-de-la-centrale\/\" class=\"post__category-link\">Activities of Central<\/a>\t\t\t<\/span>\n\n\t\t<\/span>\n                                                    \n                                                    <span class=\"lsvr-pressville-post-grid__post-meta-images-count\">0 images<\/span>\n\n                                                <\/p>\n\n                                                <a href=\"https:\/\/caammauritania.com\/en\/galleries\/activities-of-centrale\/\" class=\"lsvr-pressville-post-grid__post-overlay-link\">\n                                                    <span class=\"screen-reader-text\">More<\/span>\n                                                <\/a>\n\n                                            <\/div>\n                                        <\/div>\n                                    <\/article>\n\n                                <\/div>\n\n                            \n                        <\/div>\n\n                        \n                            <button type=\"button\" class=\"c-arrow-button lsvr-pressville-post-grid__list-button lsvr-pressville-post-grid__list-button--prev\"\n                                aria-hidden=\"true\" title=\"Previous\">\n                                <span class=\"c-arrow-button__icon c-arrow-button__icon--left\" aria-hidden=\"true\"><\/span>\n                            <\/button>\n\n                            <button type=\"button\" class=\"c-arrow-button lsvr-pressville-post-grid__list-button lsvr-pressville-post-grid__list-button--next\"\n                                aria-hidden=\"true\" title=\"Next\">\n                                <span class=\"c-arrow-button__icon c-arrow-button__icon--right\" aria-hidden=\"true\"><\/span>\n                            <\/button>\n\n                        \n                    <\/div>\n\n                \n                \n                    <footer class=\"lsvr-pressville-post-grid__footer\">\n\n                        <p class=\"lsvr-pressville-post-grid__more lsvr-pressville-post-grid__more--bottom\">\n\n                            \n                                <a href=\"https:\/\/caammauritania.com\/gallery-category\/activites\/\" class=\"c-button lsvr-pressville-post-grid__more-link\">More Galleries<\/a>\n\n                            \n                        <\/p>\n\n                    <\/footer>\n\n                \n            <\/div>\n        <\/div>\n    <\/div>\n<\/section>\n<!-- PRESSVILLE GALLERIES : end -->\n\n","protected":false},"excerpt":{"rendered":"","protected":false},"author":1,"featured_media":0,"parent":0,"menu_order":0,"comment_status":"closed","ping_status":"closed","template":"page-templates\/sidebar-left.php","meta":{"footnotes":""},"class_list":["post-982","page","type-page","status-publish","hentry"],"_links":{"self":[{"href":"https:\/\/caammauritania.com\/en\/wp-json\/wp\/v2\/pages\/982","targetHints":{"allow":["GET"]}}],"collection":[{"href":"https:\/\/caammauritania.com\/en\/wp-json\/wp\/v2\/pages"}],"about":[{"href":"https:\/\/caammauritania.com\/en\/wp-json\/wp\/v2\/types\/page"}],"author":[{"embeddable":true,"href":"https:\/\/caammauritania.com\/en\/wp-json\/wp\/v2\/users\/1"}],"replies":[{"embeddable":true,"href":"https:\/\/caammauritania.com\/en\/wp-json\/wp\/v2\/comments?post=982"}],"version-history":[{"count":10,"href":"https:\/\/caammauritania.com\/en\/wp-json\/wp\/v2\/pages\/982\/revisions"}],"predecessor-version":[{"id":1129,"href":"https:\/\/caammauritania.com\/en\/wp-json\/wp\/v2\/pages\/982\/revisions\/1129"}],"wp:attachment":[{"href":"https:\/\/caammauritania.com\/en\/wp-json\/wp\/v2\/media?parent=982"}],"curies":[{"name":"wp","href":"https:\/\/api.w.org\/{rel}","templated":true}]}}