{"id":980,"date":"2022-10-02T22:41:12","date_gmt":"2022-10-02T22:41:12","guid":{"rendered":"http:\/\/caam.local\/%d8%a7%d9%84%d8%b1%d8%a6%d9%8a%d8%b3%d9%8a%d8%a9-2\/"},"modified":"2022-10-11T19:36:50","modified_gmt":"2022-10-11T19:36:50","slug":"%d8%a7%d9%84%d8%b1%d8%a6%d9%8a%d8%b3%d9%8a%d8%a9-2","status":"publish","type":"page","link":"https:\/\/caammauritania.com\/ar\/","title":{"rendered":"\u0627\u0644\u0631\u0626\u064a\u0633\u064a\u0629"},"content":{"rendered":"\n<div class=\"wp-block-columns is-layout-flex wp-container-core-columns-is-layout-9d6595d7 wp-block-columns-is-layout-flex\">\n<div class=\"wp-block-column press-villep is-layout-flow wp-block-column-is-layout-flow\">\n<!-- PRESSVILLE POSTS : begin -->\n<section class=\"lsvr-pressville-post-grid lsvr-pressville-post-grid--posts lsvr-pressville-post-grid--layout-title-top lsvr-pressville-post-grid--has-slider lsvr-pressville-post-grid--dark-bg\"\n    >\n    <div class=\"lsvr-pressville-post-grid__inner\">\n        <div class=\"lsvr-container\">\n            <div class=\"lsvr-pressville-post-grid__content\">\n\n                \n                    <header class=\"lsvr-pressville-post-grid__header\">\n\n                        \n                            <h2 class=\"lsvr-pressville-post-grid__title\">\u0627\u0644\u0645\u0646\u0634\u0648\u0631\u0627\u062a \u0648 \u0627\u0644\u0627\u0639\u0644\u0627\u0646\u0627\u062a<\/h2>\n\n                        \n                        \n                        \n                        \n                            <span class=\"icon-traffic-light lsvr-pressville-post-grid__icon\" aria-hidden=\"true\"><\/span>\n\n                        \n                    <\/header>\n\n                \n                \n                    <div class=\"lsvr-pressville-post-grid__list-wrapper\">\n\n                        <div class=\"lsvr-grid lsvr-grid--3-cols lsvr-grid--md-2-cols lsvr-grid--sm-2-cols lsvr-pressville-post-grid__list lsvr-pressville-post-grid__list--3-items lsvr-pressville-post-grid--slider lsvr-pressville-post-grid__list--loading\"\n                            data-columns-count=\"3\">\n\n                            \n                                <div class=\"lsvr-grid__col lsvr-grid__col--span-4 lsvr-grid__col--md-span-6 lsvr-grid__col--sm-span-6 lsvr-pressville-post-grid__item\">\n\n                                    <article class=\"lsvr-pressville-post-grid__post post-1304 post type-post status-publish format-standard has-post-thumbnail hentry category-avis-dappel-doffres\"                                         style=\"background-image: url( https:\/\/caammauritania.com\/wp-content\/uploads\/2022\/10\/icon-new-png-14.webp );\">\n                                        <div class=\"lsvr-pressville-post-grid__post-inner\">\n                                            <div class=\"lsvr-pressville-post-grid__post-bg\">\n\n                                                <div class=\"lsvr-pressville-post-grid__post-content\">\n\n                                                    <h3 class=\"lsvr-pressville-post-grid__post-title\">\n                                                        <a href=\"https:\/\/caammauritania.com\/ar\/avis-dattribution-provisoire-des-trois-lots-objet-du-dao-n-001-cspmp-caam-2025\/\" class=\"lsvr-pressville-post-grid__post-title-link\" rel=\"bookmark\">Avis d&#039;attribution provisoire des trois lots objet du DAO n\u00b0 001\/CSPMP\/ CAAM\/2025<\/a>\n                                                    <\/h3>\n\n                                                    <p class=\"lsvr-pressville-post-grid__post-meta\">\n\n                                                        <span class=\"lsvr-pressville-post-grid__post-meta-date\" role=\"group\">\u064a\u0646\u0627\u064a\u0631 13, 2026<\/span>\n\n                                                        \n                                                            <span class=\"lsvr-pressville-post-grid__post-meta-categories\" role=\"group\">\n\t\t\t<span class=\"post__categories\">\n\t\t\t\tin <a href=\"https:\/\/caammauritania.com\/category\/avis-dappel-doffres\/\" class=\"post__category-link\">Avis et Annonces<\/a>\t\t\t<\/span>\n\n\t\t<\/span>\n\n                                                        \n                                                    <\/p>\n\n                                                <\/div>\n\n                                                <a href=\"https:\/\/caammauritania.com\/ar\/avis-dattribution-provisoire-des-trois-lots-objet-du-dao-n-001-cspmp-caam-2025\/\" class=\"lsvr-pressville-post-grid__post-overlay-link\">\n                                                    <span class=\"screen-reader-text\">More<\/span>\n                                                <\/a>\n\n                                            <\/div>\n                                        <\/div>\n                                    <\/article>\n\n                                <\/div>\n\n                            \n                                <div class=\"lsvr-grid__col lsvr-grid__col--span-4 lsvr-grid__col--md-span-6 lsvr-grid__col--sm-span-6 lsvr-pressville-post-grid__item\">\n\n                                    <article class=\"lsvr-pressville-post-grid__post post-1295 post type-post status-publish format-standard hentry category-avis-dappel-doffres\"                                        >\n                                        <div class=\"lsvr-pressville-post-grid__post-inner\">\n                                            <div class=\"lsvr-pressville-post-grid__post-bg\">\n\n                                                <div class=\"lsvr-pressville-post-grid__post-content\">\n\n                                                    <h3 class=\"lsvr-pressville-post-grid__post-title\">\n                                                        <a href=\"https:\/\/caammauritania.com\/ar\/appel-doffre-pour-la-fourniture-de-16039-tonnes-de-ble-5900-tonnes-de-sucre-et-3015-tonnes-dhuile-vegetale\/\" class=\"lsvr-pressville-post-grid__post-title-link\" rel=\"bookmark\">Appel d&#039;offre pour la fourniture de 16039 tonnes de bl\u00e9, 5900 tonnes de sucre et 3015 tonnes d&#039;huile v\u00e9g\u00e9tale<\/a>\n                                                    <\/h3>\n\n                                                    <p class=\"lsvr-pressville-post-grid__post-meta\">\n\n                                                        <span class=\"lsvr-pressville-post-grid__post-meta-date\" role=\"group\">\u062f\u064a\u0633\u0645\u0628\u0631 15, 2025<\/span>\n\n                                                        \n                                                            <span class=\"lsvr-pressville-post-grid__post-meta-categories\" role=\"group\">\n\t\t\t<span class=\"post__categories\">\n\t\t\t\tin <a href=\"https:\/\/caammauritania.com\/category\/avis-dappel-doffres\/\" class=\"post__category-link\">Avis et Annonces<\/a>\t\t\t<\/span>\n\n\t\t<\/span>\n\n                                                        \n                                                    <\/p>\n\n                                                <\/div>\n\n                                                <a href=\"https:\/\/caammauritania.com\/ar\/appel-doffre-pour-la-fourniture-de-16039-tonnes-de-ble-5900-tonnes-de-sucre-et-3015-tonnes-dhuile-vegetale\/\" class=\"lsvr-pressville-post-grid__post-overlay-link\">\n                                                    <span class=\"screen-reader-text\">More<\/span>\n                                                <\/a>\n\n                                            <\/div>\n                                        <\/div>\n                                    <\/article>\n\n                                <\/div>\n\n                            \n                                <div class=\"lsvr-grid__col lsvr-grid__col--span-4 lsvr-grid__col--md-span-6 lsvr-grid__col--sm-span-6 lsvr-pressville-post-grid__item\">\n\n                                    <article class=\"lsvr-pressville-post-grid__post post-1289 post type-post status-publish format-standard hentry category-avis-dappel-doffres\"                                        >\n                                        <div class=\"lsvr-pressville-post-grid__post-inner\">\n                                            <div class=\"lsvr-pressville-post-grid__post-bg\">\n\n                                                <div class=\"lsvr-pressville-post-grid__post-content\">\n\n                                                    <h3 class=\"lsvr-pressville-post-grid__post-title\">\n                                                        <a href=\"https:\/\/caammauritania.com\/ar\/ppm-2025-de-la-caam\/\" class=\"lsvr-pressville-post-grid__post-title-link\" rel=\"bookmark\">PPM 2025 de la CAAM<\/a>\n                                                    <\/h3>\n\n                                                    <p class=\"lsvr-pressville-post-grid__post-meta\">\n\n                                                        <span class=\"lsvr-pressville-post-grid__post-meta-date\" role=\"group\">\u0641\u0628\u0631\u0627\u064a\u0631 27, 2025<\/span>\n\n                                                        \n                                                            <span class=\"lsvr-pressville-post-grid__post-meta-categories\" role=\"group\">\n\t\t\t<span class=\"post__categories\">\n\t\t\t\tin <a href=\"https:\/\/caammauritania.com\/category\/avis-dappel-doffres\/\" class=\"post__category-link\">Avis et Annonces<\/a>\t\t\t<\/span>\n\n\t\t<\/span>\n\n                                                        \n                                                    <\/p>\n\n                                                <\/div>\n\n                                                <a href=\"https:\/\/caammauritania.com\/ar\/ppm-2025-de-la-caam\/\" class=\"lsvr-pressville-post-grid__post-overlay-link\">\n                                                    <span class=\"screen-reader-text\">More<\/span>\n                                                <\/a>\n\n                                            <\/div>\n                                        <\/div>\n                                    <\/article>\n\n                                <\/div>\n\n                            \n                        <\/div>\n\n                        \n                            <button type=\"button\" class=\"c-arrow-button lsvr-pressville-post-grid__list-button lsvr-pressville-post-grid__list-button--prev\"\n                                aria-hidden=\"true\" title=\"Previous\">\n                                <span class=\"c-arrow-button__icon c-arrow-button__icon--left\" aria-hidden=\"true\"><\/span>\n                            <\/button>\n\n                            <button type=\"button\" class=\"c-arrow-button lsvr-pressville-post-grid__list-button lsvr-pressville-post-grid__list-button--next\"\n                                aria-hidden=\"true\" title=\"Next\">\n                                <span class=\"c-arrow-button__icon c-arrow-button__icon--right\" aria-hidden=\"true\"><\/span>\n                            <\/button>\n\n                        \n                    <\/div>\n\n                \n                \n                    <footer class=\"lsvr-pressville-post-grid__footer\">\n\n                        <p class=\"lsvr-pressville-post-grid__more lsvr-pressville-post-grid__more--bottom\">\n\n                            \n                                <a href=\"https:\/\/caammauritania.com\/ar\/category\/%d8%b9%d8%b1%d9%88%d8%b6-%d8%a7%d9%84%d8%b9%d8%b1%d9%88%d8%b6\/\" class=\"c-button lsvr-pressville-post-grid__more-link\">\u0627\u0644\u0645\u0632\u064a\u062f<\/a>\n\n                            \n                        <\/p>\n\n                    <\/footer>\n\n                \n            <\/div>\n        <\/div>\n    <\/div>\n<\/section>\n<!-- PRESSVILLE POSTS : end -->\n\n<\/div>\n<\/div>\n\n\n\n<!-- PRESSVILLE GALLERIES : begin -->\n<section class=\"lsvr-pressville-post-grid lsvr-pressville-post-grid--galleries lsvr-pressville-post-grid--layout-title-top lsvr-pressville-post-grid--has-slider lsvr-pressville-post-grid--dark-bg\"\n    >\n    <div class=\"lsvr-pressville-post-grid__inner\">\n        <div class=\"lsvr-container\">\n            <div class=\"lsvr-pressville-post-grid__content\">\n\n                \n                \n                    <div class=\"lsvr-pressville-post-grid__list-wrapper\">\n\n                        <div class=\"lsvr-grid lsvr-grid--1-cols lsvr-pressville-post-grid__list lsvr-pressville-post-grid__list--1-items lsvr-pressville-post-grid--slider lsvr-pressville-post-grid__list--loading\"\n                            data-columns-count=\"1\">\n\n                            \n                                <div class=\"lsvr-grid__col lsvr-grid__col--span-12 lsvr-pressville-post-grid__item\">\n\n                                    <article class=\"lsvr-pressville-post-grid__post post-706 lsvr_gallery type-lsvr_gallery status-publish has-post-thumbnail hentry lsvr_gallery_cat-128\"                                         style=\"background-image: url( https:\/\/caammauritania.com\/wp-content\/uploads\/2022\/10\/slide-image-1-1024x360.jpeg );\">\n                                        <div class=\"lsvr-pressville-post-grid__post-inner\">\n                                            <div class=\"lsvr-pressville-post-grid__post-bg\">\n\n                                                <div class=\"lsvr-pressville-post-grid__post-content\">\n\n                                                    <h3 class=\"lsvr-pressville-post-grid__post-title\">\n                                                        <a href=\"https:\/\/caammauritania.com\/ar\/galleries\/%d8%a7%d9%86%d8%b4%d8%b8%d8%a9-%d8%a7%d9%84%d9%85%d8%b1%d9%83%d8%b2%d9%8a%d8%a9\/\" class=\"lsvr-pressville-post-grid__post-title-link\" rel=\"bookmark\">\u0627\u0646\u0634\u0638\u0629 \u0627\u0644\u0645\u0631\u0643\u0632\u064a\u0629<\/a>\n                                                    <\/h3>\n\n                                                <\/div>\n\n                                                <p class=\"lsvr-pressville-post-grid__post-meta\">\n\n                                                    <span class=\"lsvr-pressville-post-grid__post-meta-date\" role=\"group\">\u0633\u0628\u062a\u0645\u0628\u0631 30, 2022<\/span>\n\n                                                                                                            <span class=\"lsvr-pressville-post-grid__post-meta-categories\" role=\"group\">\n\t\t\t<span class=\"post__categories\">\n\t\t\t\tin <a href=\"https:\/\/caammauritania.com\/ar\/gallery-category\/%d8%a7%d9%86%d8%b4%d8%b7%d8%a9-%d8%a7%d9%84%d9%85%d8%b1%d9%83%d8%b2%d9%8a%d8%a9\/\" class=\"post__category-link\">\u0627\u0646\u0634\u0637\u0629 \u0627\u0644\u0645\u0631\u0643\u0632\u064a\u0629<\/a>\t\t\t<\/span>\n\n\t\t<\/span>\n                                                    \n                                                    <span class=\"lsvr-pressville-post-grid__post-meta-images-count\">0 images<\/span>\n\n                                                <\/p>\n\n                                                <a href=\"https:\/\/caammauritania.com\/ar\/galleries\/%d8%a7%d9%86%d8%b4%d8%b8%d8%a9-%d8%a7%d9%84%d9%85%d8%b1%d9%83%d8%b2%d9%8a%d8%a9\/\" class=\"lsvr-pressville-post-grid__post-overlay-link\">\n                                                    <span class=\"screen-reader-text\">More<\/span>\n                                                <\/a>\n\n                                            <\/div>\n                                        <\/div>\n                                    <\/article>\n\n                                <\/div>\n\n                            \n                        <\/div>\n\n                        \n                            <button type=\"button\" class=\"c-arrow-button lsvr-pressville-post-grid__list-button lsvr-pressville-post-grid__list-button--prev\"\n                                aria-hidden=\"true\" title=\"Previous\">\n                                <span class=\"c-arrow-button__icon c-arrow-button__icon--left\" aria-hidden=\"true\"><\/span>\n                            <\/button>\n\n                            <button type=\"button\" class=\"c-arrow-button lsvr-pressville-post-grid__list-button lsvr-pressville-post-grid__list-button--next\"\n                                aria-hidden=\"true\" title=\"Next\">\n                                <span class=\"c-arrow-button__icon c-arrow-button__icon--right\" aria-hidden=\"true\"><\/span>\n                            <\/button>\n\n                        \n                    <\/div>\n\n                \n                \n                    <footer class=\"lsvr-pressville-post-grid__footer\">\n\n                        <p class=\"lsvr-pressville-post-grid__more lsvr-pressville-post-grid__more--bottom\">\n\n                            \n                                <a href=\"https:\/\/caammauritania.com\/ar\/gallery-category\/%d8%a7%d9%86%d8%b4%d8%b7%d8%a9-%d8%a7%d9%84%d9%85%d8%b1%d9%83%d8%b2%d9%8a%d8%a9\/\" class=\"c-button lsvr-pressville-post-grid__more-link\">\u0627\u0644\u0645\u0632\u064a\u062f \u0645\u0646 \u0627\u0644\u0635\u0648\u0631<\/a>\n\n                            \n                        <\/p>\n\n                    <\/footer>\n\n                \n            <\/div>\n        <\/div>\n    <\/div>\n<\/section>\n<!-- PRESSVILLE GALLERIES : end -->\n\n","protected":false},"excerpt":{"rendered":"","protected":false},"author":1,"featured_media":0,"parent":0,"menu_order":0,"comment_status":"closed","ping_status":"closed","template":"page-templates\/sidebar-left.php","meta":{"footnotes":""},"class_list":["post-980","page","type-page","status-publish","hentry"],"_links":{"self":[{"href":"https:\/\/caammauritania.com\/ar\/wp-json\/wp\/v2\/pages\/980","targetHints":{"allow":["GET"]}}],"collection":[{"href":"https:\/\/caammauritania.com\/ar\/wp-json\/wp\/v2\/pages"}],"about":[{"href":"https:\/\/caammauritania.com\/ar\/wp-json\/wp\/v2\/types\/page"}],"author":[{"embeddable":true,"href":"https:\/\/caammauritania.com\/ar\/wp-json\/wp\/v2\/users\/1"}],"replies":[{"embeddable":true,"href":"https:\/\/caammauritania.com\/ar\/wp-json\/wp\/v2\/comments?post=980"}],"version-history":[{"count":15,"href":"https:\/\/caammauritania.com\/ar\/wp-json\/wp\/v2\/pages\/980\/revisions"}],"predecessor-version":[{"id":1136,"href":"https:\/\/caammauritania.com\/ar\/wp-json\/wp\/v2\/pages\/980\/revisions\/1136"}],"wp:attachment":[{"href":"https:\/\/caammauritania.com\/ar\/wp-json\/wp\/v2\/media?parent=980"}],"curies":[{"name":"wp","href":"https:\/\/api.w.org\/{rel}","templated":true}]}}